{"id":84,"date":"2017-08-17T09:44:04","date_gmt":"2017-08-17T07:44:04","guid":{"rendered":"http:\/\/elektro-drmayr.at\/?page_id=84"},"modified":"2022-06-21T09:12:14","modified_gmt":"2022-06-21T07:12:14","slug":"startseite","status":"publish","type":"page","link":"http:\/\/www.elektro-drmayr.at\/","title":{"rendered":"Startseite"},"content":{"rendered":"<p><center><\/p>\n<h3>Willkommen bei der Elektrofirma mit der l\u00e4ngsten Berufserfahrung im Land Salzburg<\/p>\n<div style=\"color: darkred\">\n&#8211;  seit 1921 &#8211;<\/div>\n<\/h3>\n<p><\/center><\/p>\n<p>Neben unserem kompetent teamgef\u00fchrten Fachpersonal vor Ort und im technischen B\u00fcro bilden wir auch seit Jahrzehnten Lehrlinge aus.<\/p>\n<p>Ob Kundenw\u00fcnsche, Service oder Hightech Anlagen (EIB, Luxmate etc.)- wir nehmen die Herausforderung an, im Bem\u00fchen Ihre W\u00fcnsche zu erf\u00fcllen.<\/p>\n<p>Eine E-Mail an <strong>office [at] elektro-drmayr.at,&nbsp;<\/strong>oder Anruf <strong>+43 662 8763010<\/strong>&nbsp; gen\u00fcgt!<\/p>\n<p><strong>Ihr Elektro Dr. Mayr Team<\/strong><\/p>\n","protected":false},"excerpt":{"rendered":"<p>Willkommen bei der Elektrofirma mit der l\u00e4ngsten Berufserfahrung im Land Salzburg &#8211; seit 1921 &#8211; Neben unserem kompetent teamgef\u00fchrten Fachpersonal vor Ort und im technischen B\u00fcro bilden wir auch seit &#8230;<\/p>\n","protected":false},"author":2,"featured_media":0,"parent":0,"menu_order":0,"comment_status":"closed","ping_status":"closed","template":"","meta":{"footnotes":""},"class_list":["post-84","page","type-page","status-publish","hentry"],"_links":{"self":[{"href":"http:\/\/www.elektro-drmayr.at\/index.php?rest_route=\/wp\/v2\/pages\/84","targetHints":{"allow":["GET"]}}],"collection":[{"href":"http:\/\/www.elektro-drmayr.at\/index.php?rest_route=\/wp\/v2\/pages"}],"about":[{"href":"http:\/\/www.elektro-drmayr.at\/index.php?rest_route=\/wp\/v2\/types\/page"}],"author":[{"embeddable":true,"href":"http:\/\/www.elektro-drmayr.at\/index.php?rest_route=\/wp\/v2\/users\/2"}],"replies":[{"embeddable":true,"href":"http:\/\/www.elektro-drmayr.at\/index.php?rest_route=%2Fwp%2Fv2%2Fcomments&post=84"}],"version-history":[{"count":15,"href":"http:\/\/www.elektro-drmayr.at\/index.php?rest_route=\/wp\/v2\/pages\/84\/revisions"}],"predecessor-version":[{"id":219,"href":"http:\/\/www.elektro-drmayr.at\/index.php?rest_route=\/wp\/v2\/pages\/84\/revisions\/219"}],"wp:attachment":[{"href":"http:\/\/www.elektro-drmayr.at\/index.php?rest_route=%2Fwp%2Fv2%2Fmedia&parent=84"}],"curies":[{"name":"wp","href":"https:\/\/api.w.org\/{rel}","templated":true}]}}